{"id":735,"date":"2021-12-10T16:19:49","date_gmt":"2021-12-10T15:19:49","guid":{"rendered":"https:\/\/ligit.com\/?page_id=735"},"modified":"2025-10-28T22:49:17","modified_gmt":"2025-10-28T21:49:17","slug":"careers","status":"publish","type":"page","link":"https:\/\/ligit.com\/pl\/careers\/","title":{"rendered":"Kariera"},"content":{"rendered":"\n<p>Ambicja, pasja i profesjonalizm \u2014 to warto\u015bci, kt\u00f3re definiuj\u0105 nasz zesp\u00f3\u0142. Je\u015bli s\u0105 Ci bliskie, a rozw\u00f3j zawodowy i osobisty traktujesz powa\u017cnie, napisz do nas.<\/p>\n\n\n\n<p><br>Je\u015bli uwa\u017casz, \u017ce do siebie pasujemy, prze\u015blij nam kr\u00f3tki e-mail z wyja\u015bnieniem, dlaczego chcesz z nami pracowa\u0107, wraz z CV, na adres: <a href=\"mailto:people@ligit.com\">people@ligit.com<\/a>.<\/p>\n\n\n\n<p><\/p>\n","protected":false},"excerpt":{"rendered":"","protected":false},"author":7,"featured_media":0,"parent":0,"menu_order":14,"comment_status":"closed","ping_status":"closed","template":"page-templates\/careers.php","meta":{"_acf_changed":false,"footnotes":""},"class_list":["post-735","page","type-page","status-publish","hentry"],"acf":[],"yoast_head":"<!-- This site is optimized with the Yoast SEO plugin v27.3 - https:\/\/yoast.com\/product\/yoast-seo-wordpress\/ -->\n<title>Kariera - Ligit<\/title>\n<meta name=\"description\" content=\"Please send us a short e-mail explaining why you would like to work with us, together with your CV, to people@ligit.com.\" \/>\n<meta name=\"robots\" content=\"index, follow, max-snippet:-1, max-image-preview:large, max-video-preview:-1\" \/>\n<link rel=\"canonical\" href=\"https:\/\/ligit.com\/pl\/careers\/\" \/>\n<meta property=\"og:locale\" content=\"pl_PL\" \/>\n<meta property=\"og:type\" content=\"article\" \/>\n<meta property=\"og:title\" content=\"Kariera - Ligit\" \/>\n<meta property=\"og:description\" content=\"Please send us a short e-mail explaining why you would like to work with us, together with your CV, to people@ligit.com.\" \/>\n<meta property=\"og:url\" content=\"https:\/\/ligit.com\/pl\/careers\/\" \/>\n<meta property=\"og:site_name\" content=\"Ligit\" \/>\n<meta property=\"article:modified_time\" content=\"2025-10-28T21:49:17+00:00\" \/>\n<meta name=\"twitter:card\" content=\"summary_large_image\" \/>\n<meta name=\"twitter:label1\" content=\"Est. reading time\" \/>\n\t<meta name=\"twitter:data1\" content=\"1 minute\" \/>\n<script type=\"application\/ld+json\" class=\"yoast-schema-graph\">{\"@context\":\"https:\\\/\\\/schema.org\",\"@graph\":[{\"@type\":\"WebPage\",\"@id\":\"https:\\\/\\\/ligit.com\\\/pl\\\/careers\\\/\",\"url\":\"https:\\\/\\\/ligit.com\\\/pl\\\/careers\\\/\",\"name\":\"Kariera - Ligit\",\"isPartOf\":{\"@id\":\"https:\\\/\\\/ligit.com\\\/#website\"},\"datePublished\":\"2021-12-10T15:19:49+00:00\",\"dateModified\":\"2025-10-28T21:49:17+00:00\",\"description\":\"Please send us a short e-mail explaining why you would like to work with us, together with your CV, to people@ligit.com.\",\"breadcrumb\":{\"@id\":\"https:\\\/\\\/ligit.com\\\/pl\\\/careers\\\/#breadcrumb\"},\"inLanguage\":\"pl-PL\",\"potentialAction\":[{\"@type\":\"ReadAction\",\"target\":[\"https:\\\/\\\/ligit.com\\\/pl\\\/careers\\\/\"]}]},{\"@type\":\"BreadcrumbList\",\"@id\":\"https:\\\/\\\/ligit.com\\\/pl\\\/careers\\\/#breadcrumb\",\"itemListElement\":[{\"@type\":\"ListItem\",\"position\":1,\"name\":\"Home\",\"item\":\"https:\\\/\\\/ligit.com\\\/pl\\\/\"},{\"@type\":\"ListItem\",\"position\":2,\"name\":\"Kariera\"}]},{\"@type\":\"WebSite\",\"@id\":\"https:\\\/\\\/ligit.com\\\/#website\",\"url\":\"https:\\\/\\\/ligit.com\\\/\",\"name\":\"Ligit\",\"description\":\"Business Disputes | Dispute Avoidance | Key Projects\",\"potentialAction\":[{\"@type\":\"SearchAction\",\"target\":{\"@type\":\"EntryPoint\",\"urlTemplate\":\"https:\\\/\\\/ligit.com\\\/?s={search_term_string}\"},\"query-input\":{\"@type\":\"PropertyValueSpecification\",\"valueRequired\":true,\"valueName\":\"search_term_string\"}}],\"inLanguage\":\"pl-PL\"}]}<\/script>\n<!-- \/ Yoast SEO plugin. -->","yoast_head_json":{"title":"Kariera - Ligit","description":"Please send us a short e-mail explaining why you would like to work with us, together with your CV, to people@ligit.com.","robots":{"index":"index","follow":"follow","max-snippet":"max-snippet:-1","max-image-preview":"max-image-preview:large","max-video-preview":"max-video-preview:-1"},"canonical":"https:\/\/ligit.com\/pl\/careers\/","og_locale":"pl_PL","og_type":"article","og_title":"Kariera - Ligit","og_description":"Please send us a short e-mail explaining why you would like to work with us, together with your CV, to people@ligit.com.","og_url":"https:\/\/ligit.com\/pl\/careers\/","og_site_name":"Ligit","article_modified_time":"2025-10-28T21:49:17+00:00","twitter_card":"summary_large_image","twitter_misc":{"Est. reading time":"1 minute"},"schema":{"@context":"https:\/\/schema.org","@graph":[{"@type":"WebPage","@id":"https:\/\/ligit.com\/pl\/careers\/","url":"https:\/\/ligit.com\/pl\/careers\/","name":"Kariera - Ligit","isPartOf":{"@id":"https:\/\/ligit.com\/#website"},"datePublished":"2021-12-10T15:19:49+00:00","dateModified":"2025-10-28T21:49:17+00:00","description":"Please send us a short e-mail explaining why you would like to work with us, together with your CV, to people@ligit.com.","breadcrumb":{"@id":"https:\/\/ligit.com\/pl\/careers\/#breadcrumb"},"inLanguage":"pl-PL","potentialAction":[{"@type":"ReadAction","target":["https:\/\/ligit.com\/pl\/careers\/"]}]},{"@type":"BreadcrumbList","@id":"https:\/\/ligit.com\/pl\/careers\/#breadcrumb","itemListElement":[{"@type":"ListItem","position":1,"name":"Home","item":"https:\/\/ligit.com\/pl\/"},{"@type":"ListItem","position":2,"name":"Kariera"}]},{"@type":"WebSite","@id":"https:\/\/ligit.com\/#website","url":"https:\/\/ligit.com\/","name":"Ligit","description":"Business Disputes | Dispute Avoidance | Key Projects","potentialAction":[{"@type":"SearchAction","target":{"@type":"EntryPoint","urlTemplate":"https:\/\/ligit.com\/?s={search_term_string}"},"query-input":{"@type":"PropertyValueSpecification","valueRequired":true,"valueName":"search_term_string"}}],"inLanguage":"pl-PL"}]}},"_links":{"self":[{"href":"https:\/\/ligit.com\/pl\/wp-json\/wp\/v2\/pages\/735","targetHints":{"allow":["GET"]}}],"collection":[{"href":"https:\/\/ligit.com\/pl\/wp-json\/wp\/v2\/pages"}],"about":[{"href":"https:\/\/ligit.com\/pl\/wp-json\/wp\/v2\/types\/page"}],"author":[{"embeddable":true,"href":"https:\/\/ligit.com\/pl\/wp-json\/wp\/v2\/users\/7"}],"replies":[{"embeddable":true,"href":"https:\/\/ligit.com\/pl\/wp-json\/wp\/v2\/comments?post=735"}],"version-history":[{"count":64,"href":"https:\/\/ligit.com\/pl\/wp-json\/wp\/v2\/pages\/735\/revisions"}],"predecessor-version":[{"id":3191,"href":"https:\/\/ligit.com\/pl\/wp-json\/wp\/v2\/pages\/735\/revisions\/3191"}],"wp:attachment":[{"href":"https:\/\/ligit.com\/pl\/wp-json\/wp\/v2\/media?parent=735"}],"curies":[{"name":"wp","href":"https:\/\/api.w.org\/{rel}","templated":true}]}}