{"id":319,"date":"2021-12-10T13:16:43","date_gmt":"2021-12-10T12:16:43","guid":{"rendered":"https:\/\/ligit.com\/?page_id=319"},"modified":"2026-01-14T16:32:51","modified_gmt":"2026-01-14T15:32:51","slug":"ogolne_warunki","status":"publish","type":"page","link":"https:\/\/ligit.com\/pl\/ogolne_warunki\/","title":{"rendered":"Og\u00f3lne Warunki \u015awiadczenia Us\u0142ug"},"content":{"rendered":"\n<p>Pobierz nasze og\u00f3lne warunki \u015bwiadczenia us\u0142ug prawnych<strong>,<\/strong> korzystaj\u0105c z tego <a href=\"https:\/\/ligit.com\/wp-content\/uploads\/2025\/10\/Ligit-Ogolne-warunki-swiadczenia-uslug-prawnych-PL.pdf\">linku<\/a>.<\/p>\n","protected":false},"excerpt":{"rendered":"","protected":false},"author":7,"featured_media":0,"parent":0,"menu_order":16,"comment_status":"closed","ping_status":"closed","template":"","meta":{"_acf_changed":false,"footnotes":""},"class_list":["post-319","page","type-page","status-publish","hentry"],"acf":[],"yoast_head":"<!-- This site is optimized with the Yoast SEO plugin v27.3 - https:\/\/yoast.com\/product\/yoast-seo-wordpress\/ -->\n<title>Og\u00f3lne Warunki \u015awiadczenia Us\u0142ug - Ligit<\/title>\n<meta name=\"description\" content=\"Regulamin (OWU lub Regulamin) okre\u015bla rodzaje, zakres i warunki \u015bwiadczenia Us\u0142ug drog\u0105 elektroniczn\u0105 przez Ligit Kieszczy\u0144ski Sp.k\" \/>\n<meta name=\"robots\" content=\"noindex, nofollow\" \/>\n<meta property=\"og:locale\" content=\"pl_PL\" \/>\n<meta property=\"og:type\" content=\"article\" \/>\n<meta property=\"og:title\" content=\"Og\u00f3lne Warunki \u015awiadczenia Us\u0142ug - Ligit\" \/>\n<meta property=\"og:description\" content=\"Regulamin (OWU lub Regulamin) okre\u015bla rodzaje, zakres i warunki \u015bwiadczenia Us\u0142ug drog\u0105 elektroniczn\u0105 przez Ligit Kieszczy\u0144ski Sp.k\" \/>\n<meta property=\"og:url\" content=\"https:\/\/ligit.com\/pl\/ogolne_warunki\/\" \/>\n<meta property=\"og:site_name\" content=\"Ligit\" \/>\n<meta property=\"article:modified_time\" content=\"2026-01-14T15:32:51+00:00\" \/>\n<meta name=\"twitter:card\" content=\"summary_large_image\" \/>\n<meta name=\"twitter:label1\" content=\"Est. reading time\" \/>\n\t<meta name=\"twitter:data1\" content=\"1 minute\" \/>\n<script type=\"application\/ld+json\" class=\"yoast-schema-graph\">{\"@context\":\"https:\\\/\\\/schema.org\",\"@graph\":[{\"@type\":\"WebPage\",\"@id\":\"https:\\\/\\\/ligit.com\\\/pl\\\/ogolne_warunki\\\/\",\"url\":\"https:\\\/\\\/ligit.com\\\/pl\\\/ogolne_warunki\\\/\",\"name\":\"Og\u00f3lne Warunki \u015awiadczenia Us\u0142ug - Ligit\",\"isPartOf\":{\"@id\":\"https:\\\/\\\/ligit.com\\\/#website\"},\"datePublished\":\"2021-12-10T12:16:43+00:00\",\"dateModified\":\"2026-01-14T15:32:51+00:00\",\"description\":\"Regulamin (OWU lub Regulamin) okre\u015bla rodzaje, zakres i warunki \u015bwiadczenia Us\u0142ug drog\u0105 elektroniczn\u0105 przez Ligit Kieszczy\u0144ski Sp.k\",\"breadcrumb\":{\"@id\":\"https:\\\/\\\/ligit.com\\\/pl\\\/ogolne_warunki\\\/#breadcrumb\"},\"inLanguage\":\"pl-PL\",\"potentialAction\":[{\"@type\":\"ReadAction\",\"target\":[\"https:\\\/\\\/ligit.com\\\/pl\\\/ogolne_warunki\\\/\"]}]},{\"@type\":\"BreadcrumbList\",\"@id\":\"https:\\\/\\\/ligit.com\\\/pl\\\/ogolne_warunki\\\/#breadcrumb\",\"itemListElement\":[{\"@type\":\"ListItem\",\"position\":1,\"name\":\"Home\",\"item\":\"https:\\\/\\\/ligit.com\\\/pl\\\/\"},{\"@type\":\"ListItem\",\"position\":2,\"name\":\"Og\u00f3lne Warunki \u015awiadczenia Us\u0142ug\"}]},{\"@type\":\"WebSite\",\"@id\":\"https:\\\/\\\/ligit.com\\\/#website\",\"url\":\"https:\\\/\\\/ligit.com\\\/\",\"name\":\"Ligit\",\"description\":\"Business Disputes | Dispute Avoidance | Key Projects\",\"potentialAction\":[{\"@type\":\"SearchAction\",\"target\":{\"@type\":\"EntryPoint\",\"urlTemplate\":\"https:\\\/\\\/ligit.com\\\/?s={search_term_string}\"},\"query-input\":{\"@type\":\"PropertyValueSpecification\",\"valueRequired\":true,\"valueName\":\"search_term_string\"}}],\"inLanguage\":\"pl-PL\"}]}<\/script>\n<!-- \/ Yoast SEO plugin. -->","yoast_head_json":{"title":"Og\u00f3lne Warunki \u015awiadczenia Us\u0142ug - Ligit","description":"Regulamin (OWU lub Regulamin) okre\u015bla rodzaje, zakres i warunki \u015bwiadczenia Us\u0142ug drog\u0105 elektroniczn\u0105 przez Ligit Kieszczy\u0144ski Sp.k","robots":{"index":"noindex","follow":"nofollow"},"og_locale":"pl_PL","og_type":"article","og_title":"Og\u00f3lne Warunki \u015awiadczenia Us\u0142ug - Ligit","og_description":"Regulamin (OWU lub Regulamin) okre\u015bla rodzaje, zakres i warunki \u015bwiadczenia Us\u0142ug drog\u0105 elektroniczn\u0105 przez Ligit Kieszczy\u0144ski Sp.k","og_url":"https:\/\/ligit.com\/pl\/ogolne_warunki\/","og_site_name":"Ligit","article_modified_time":"2026-01-14T15:32:51+00:00","twitter_card":"summary_large_image","twitter_misc":{"Est. reading time":"1 minute"},"schema":{"@context":"https:\/\/schema.org","@graph":[{"@type":"WebPage","@id":"https:\/\/ligit.com\/pl\/ogolne_warunki\/","url":"https:\/\/ligit.com\/pl\/ogolne_warunki\/","name":"Og\u00f3lne Warunki \u015awiadczenia Us\u0142ug - Ligit","isPartOf":{"@id":"https:\/\/ligit.com\/#website"},"datePublished":"2021-12-10T12:16:43+00:00","dateModified":"2026-01-14T15:32:51+00:00","description":"Regulamin (OWU lub Regulamin) okre\u015bla rodzaje, zakres i warunki \u015bwiadczenia Us\u0142ug drog\u0105 elektroniczn\u0105 przez Ligit Kieszczy\u0144ski Sp.k","breadcrumb":{"@id":"https:\/\/ligit.com\/pl\/ogolne_warunki\/#breadcrumb"},"inLanguage":"pl-PL","potentialAction":[{"@type":"ReadAction","target":["https:\/\/ligit.com\/pl\/ogolne_warunki\/"]}]},{"@type":"BreadcrumbList","@id":"https:\/\/ligit.com\/pl\/ogolne_warunki\/#breadcrumb","itemListElement":[{"@type":"ListItem","position":1,"name":"Home","item":"https:\/\/ligit.com\/pl\/"},{"@type":"ListItem","position":2,"name":"Og\u00f3lne Warunki \u015awiadczenia Us\u0142ug"}]},{"@type":"WebSite","@id":"https:\/\/ligit.com\/#website","url":"https:\/\/ligit.com\/","name":"Ligit","description":"Business Disputes | Dispute Avoidance | Key Projects","potentialAction":[{"@type":"SearchAction","target":{"@type":"EntryPoint","urlTemplate":"https:\/\/ligit.com\/?s={search_term_string}"},"query-input":{"@type":"PropertyValueSpecification","valueRequired":true,"valueName":"search_term_string"}}],"inLanguage":"pl-PL"}]}},"_links":{"self":[{"href":"https:\/\/ligit.com\/pl\/wp-json\/wp\/v2\/pages\/319","targetHints":{"allow":["GET"]}}],"collection":[{"href":"https:\/\/ligit.com\/pl\/wp-json\/wp\/v2\/pages"}],"about":[{"href":"https:\/\/ligit.com\/pl\/wp-json\/wp\/v2\/types\/page"}],"author":[{"embeddable":true,"href":"https:\/\/ligit.com\/pl\/wp-json\/wp\/v2\/users\/7"}],"replies":[{"embeddable":true,"href":"https:\/\/ligit.com\/pl\/wp-json\/wp\/v2\/comments?post=319"}],"version-history":[{"count":41,"href":"https:\/\/ligit.com\/pl\/wp-json\/wp\/v2\/pages\/319\/revisions"}],"predecessor-version":[{"id":3122,"href":"https:\/\/ligit.com\/pl\/wp-json\/wp\/v2\/pages\/319\/revisions\/3122"}],"wp:attachment":[{"href":"https:\/\/ligit.com\/pl\/wp-json\/wp\/v2\/media?parent=319"}],"curies":[{"name":"wp","href":"https:\/\/api.w.org\/{rel}","templated":true}]}}