{"id":283,"date":"2021-12-10T16:02:13","date_gmt":"2021-12-10T15:02:13","guid":{"rendered":"https:\/\/ligit.com\/?page_id=283"},"modified":"2025-10-16T13:19:26","modified_gmt":"2025-10-16T11:19:26","slug":"polityka-prywatnosci","status":"publish","type":"page","link":"https:\/\/ligit.com\/pl\/polityka-prywatnosci\/","title":{"rendered":"Polityka prywatno\u015bci i plik\u00f3w cookie"},"content":{"rendered":"\n<h2 class=\"wp-block-heading\">Administrator<strong>&nbsp;<\/strong><\/h2>\n\n\n\n<p>Ligit Kieszczy\u0144ski Sp.k. (<strong>Ligit<\/strong>), z siedzib\u0105 w Warszawie (02-001), Polska, przy ul. Aleje Jerozolimskie 93, 2. pi\u0119tro, jest administratorem danych osobowych klient\u00f3w, kontrahent\u00f3w, partner\u00f3w biznesowych oraz ich pracownik\u00f3w w zakresie niezb\u0119dnym do wykonywania um\u00f3w, wype\u0142niania obowi\u0105zk\u00f3w prawnych, rekrutacji i zatrudniania, prawnie uzasadnionych interes\u00f3w Ligit (w szczeg\u00f3lno\u015bci dla cel\u00f3w marketingu bezpo\u015bredniego, bezpiecze\u0144stwa, a tak\u017ce dochodzenia lub obrony przed roszczeniami). Ligit przetwarza dane r\u00f3wnie\u017c na podstawie zgody osoby, kt\u00f3rej dane dotycz\u0105.&nbsp;<\/p>\n\n\n\n<h2 class=\"wp-block-heading\">Bezpiecze\u0144stwo, integralno\u015b\u0107, poufno\u015b\u0107<\/h2>\n\n\n\n<p>Zapewniamy bezpiecze\u0144stwo, integralno\u015b\u0107 i poufno\u015b\u0107 Pa\u0144stwa danych. Pa\u0144stwa dane mog\u0105 by\u0107 przekazywane podmiotom, kt\u00f3re \u015bwiadcz\u0105 us\u0142ugi na rzecz Ligit, w tym us\u0142ugi informatyczne i ksi\u0119gowe. Podanie danych osobowych jest dobrowolne. Jest ono jednak niezb\u0119dne do prowadzenia Pa\u0144stwa sprawy, je\u015bli s\u0105 Pa\u0144stwo klientami Ligit. Pa\u0144stwa dane nie s\u0105 przekazywane poza Europejski Obszar Gospodarczy, chyba \u017ce wymaga tego sprawa, kt\u00f3r\u0105 prowadzimy. Zapewniamy w\u00f3wczas odpowiedni\u0105 ochron\u0119 danych.&nbsp;<\/p>\n\n\n\n<h2 class=\"wp-block-heading\">Okres przechowywania<\/h2>\n\n\n\n<p>Ligit przetwarza dane przez okres niezb\u0119dny do realizacji cel\u00f3w wskazanych powy\u017cej.&nbsp;<\/p>\n\n\n\n<h2 class=\"wp-block-heading\">Prawa os\u00f3b, kt\u00f3rych dane s\u0105 przetwarzane<\/h2>\n\n\n\n<p>Przys\u0142uguje Pa\u0144stwu prawo do \u017c\u0105dania dost\u0119pu do swoich danych, ich sprostowania lub ograniczenia przetwarzania, \u017c\u0105dania ich usuni\u0119cia lub przeniesienia, wniesienia sprzeciwu, a tak\u017ce wycofania zgody (w przypadku, gdy przetwarzanie odbywa si\u0119 na tej podstawie). Mo\u017cliwo\u015b\u0107 skorzystania z tych praw mo\u017ce zale\u017ce\u0107 od podstawy przetwarzania danych.&nbsp;<\/p>\n\n\n\n<p>Przys\u0142uguje Pa\u0144stwu r\u00f3wnie\u017c prawo wniesienia skargi do Prezesa Urz\u0119du Ochrony Danych Osobowych.&nbsp;<\/p>\n\n\n\n<h2 class=\"wp-block-heading\">Cookies<\/h2>\n\n\n\n<p>U\u017cywamy plik\u00f3w cookies. Cookies to pliki przechowywane w przegl\u0105darce internetowej na urz\u0105dzeniu ko\u0144cowym, z kt\u00f3rego Pa\u0144stwo korzystaj\u0105, aby uzyska\u0107 dost\u0119p do tej strony internetowej. Zazwyczaj zawieraj\u0105 nazw\u0119 strony internetowej, dat\u0119 utworzenia, czas przechowywania na urz\u0105dzeniu ko\u0144cowym oraz unikalny numer. Mo\u017cemy u\u017cywa\u0107 nast\u0119puj\u0105cych rodzaj\u00f3w plik\u00f3w cookie: niezb\u0119dne (umo\u017cliwiaj\u0105 korzystanie z witryny), wydajno\u015bciowe (zbieraj\u0105 anonimowe informacje o tym, jak u\u017cytkownicy korzystaj\u0105 ze strony) i funkcjonalne (rejestruj\u0105 wybory u\u017cytkownika, takie jak jego j\u0119zyk lub region). Wi\u0119cej informacji: <a href=\"http:\/\/www.allaboutcookies.org\">www.allaboutcookies.org<\/a>.&nbsp;<\/p>\n\n\n\n<p>Mo\u017cemy analizowa\u0107 pliki cookies w celu zapewnienia prawid\u0142owego funkcjonowania (konfiguracji, bezpiecze\u0144stwa i stabilno\u015bci) strony internetowej, w celach statystycznych i w celu optymalizacji korzystania ze strony internetowej (np. w celu personalizacji wy\u015bwietlanych informacji).&nbsp;<\/p>\n\n\n\n<p>Je\u017celi nie wyra\u017caj\u0105 Pa\u0144stwo zgody na zapisywanie plik\u00f3w cookies, powinni Pa\u0144stwo zmieni\u0107 ustawienia u\u017cywanej przegl\u0105darki lub zrezygnowa\u0107 z przegl\u0105dania niniejszej strony internetowej.&nbsp;<\/p>\n\n\n\n<p>Ligit mo\u017ce korzysta\u0107 z Google Analytics w celu gromadzenia i analizowania informacji dotycz\u0105cych korzystania ze strony internetowej. Wi\u0119cej informacji na temat Google Analytics mo\u017cna znale\u017a\u0107 pod adresem: <a href=\"https:\/\/www.google.com\/analytics\/\">https:\/\/www.google.com\/analytics\/<\/a>. Aby wy\u0142\u0105czy\u0107 Google Analytics, nale\u017cy skorzysta\u0107 z <a href=\"http:\/\/tools.google.com\/dlpage\/gaoptout\">http:\/\/tools.google.com\/dlpage\/gaoptout<\/a>.&nbsp;<\/p>\n\n\n\n<h2 class=\"wp-block-heading\">Dane kontaktowe<\/h2>\n\n\n\n<p>W przypadku jakichkolwiek pyta\u0144 lub wniosk\u00f3w dotycz\u0105cych przetwarzania Pa\u0144stwa danych osobowych, prosimy o kontakt pod adresem: <a href=\"mailto:ligit@ligit.com\">ligit@ligit.com<\/a>. Prosimy pami\u0119ta\u0107, \u017ce przed skorzystaniem z przys\u0142uguj\u0105cych Pa\u0144stwu praw b\u0119dziemy uprawnieni do upewnienia si\u0119 co do Pa\u0144stwa to\u017csamo\u015bci.&nbsp;<\/p>\n\n\n\n<h2 class=\"wp-block-heading\">1. Postanowienia og\u00f3lne<\/h2>\n\n\n\n<p>1.1. Regulamin (<strong>OWU <\/strong>lub <strong>Regulamin<\/strong>) okre\u015bla rodzaje, zakres i warunki \u015bwiadczenia Us\u0142ug drog\u0105 elektroniczn\u0105 przez Ligit Kieszczy\u0144ski Sp.k., ul. Aleje Jerozolimskie 93, 2 pi\u0119tro, 02-001 Warszawa; NIP 5272934593; adres poczty elektronicznej: <a href=\"mailto:ligit@ligit.com\">ligit@ligit.com<\/a>, strona internetowa: <a href=\"http:\/\/www.ligit.com\">www.ligit.com<\/a> (<strong>Ligit<\/strong>).<\/p>\n\n\n\n<p>1.2. U\u017cyte w Regulaminie okre\u015blenia oznaczaj\u0105:<\/p>\n\n\n\n<p>1.2.1. Portal &#8211; strona internetowa Ligit, dost\u0119pna pod adresem <a href=\"http:\/\/www.ligit.com\">www.ligit.com<\/a>;<\/p>\n\n\n\n<p>1.2.2. Ustawa o \u015bwiadczeniu Us\u0142ug drog\u0105 elektroniczn\u0105 &#8211; Ustawa z dnia 18 lipca 2002 r. o \u015bwiadczeniu Us\u0142ug drog\u0105 elektroniczn\u0105;<\/p>\n\n\n\n<p>1.2.3. Us\u0142uga &#8211; Us\u0142uga \u015bwiadczona drog\u0105 elektroniczn\u0105 przez Ligit opisana w Cz\u0119\u015bci 2 Regulaminu;<\/p>\n\n\n\n<p>1.2.4. Us\u0142ugodawca &#8211; Ligit;<\/p>\n\n\n\n<p>1.2.5. Us\u0142ugobiorca lub U\u017cytkownik &#8211; podmiot korzystaj\u0105cy z Us\u0142ug Ligit, zobowi\u0105zany do przestrzegania Regulaminu.<\/p>\n\n\n\n<p>1.3. Rozpocz\u0119cie korzystania z Us\u0142ug jest r\u00f3wnoznaczne z akceptacj\u0105 przez Us\u0142ugobiorc\u0119 warunk\u00f3w Regulaminu. Umowa o \u015bwiadczenie Us\u0142ug zostaje zawarta z chwil\u0105 wpisania przez U\u017cytkownika w przegl\u0105darce internetowej odpowiedniego adresu stron internetowych zawieraj\u0105cych tre\u015bci udost\u0119pniane w ramach Us\u0142ug.<\/p>\n\n\n\n<h2 class=\"wp-block-heading\">2. Rodzaje i zakres<\/h2>\n\n\n\n<p>2.1. Regulamin ma zastosowanie do nast\u0119puj\u0105cej Us\u0142ugi \u015bwiadczonej drog\u0105 elektroniczn\u0105 tj. kontaktu z Ligit &#8211; Us\u0142uga ta polega na mo\u017cliwo\u015bci wys\u0142ania zapytania do Ligit e-mailem lub przez formularz kontaktowy. Wysy\u0142aj\u0105c zapytanie U\u017cytkownik wyra\u017ca zgod\u0119 na otrzymanie w odpowiedzi informacji, r\u00f3wnie\u017c w przypadku, gdy ta odpowied\u017a ma charakter handlowy.<\/p>\n\n\n\n<p>2.2. Us\u0142ugodawca zapewni dzia\u0142anie systemu teleinformatycznego w taki spos\u00f3b, aby U\u017cytkownik m\u00f3g\u0142 w ka\u017cdej chwili bezp\u0142atnie zako\u0144czy\u0107 korzystanie z Us\u0142ugi.<\/p>\n\n\n\n<p>2.3. U\u017cytkownik musi spe\u0142nia\u0107 nast\u0119puj\u0105ce wymagania techniczne, niezb\u0119dne do funkcjonowania systemu teleinformatycznego Us\u0142ugodawcy:<\/p>\n\n\n\n<p>2.3.1. dost\u0119p do Internetu;<\/p>\n\n\n\n<p>2.3.2. posiadanie konta poczty elektronicznej {e-mail};<\/p>\n\n\n\n<p>2.3.3. przegl\u0105darka internetowa.<\/p>\n\n\n\n<h2 class=\"wp-block-heading\">3. Warunki \u015bwiadczenia us\u0142ug<\/h2>\n\n\n\n<p>3.1. Ligit \u015bwiadczy Us\u0142ug\u0119 na rzecz Us\u0142ugobiorcy w zakresie i na warunkach okre\u015blonych w Regulaminie.<\/p>\n\n\n\n<p>3.2. U\u017cytkownik zobowi\u0105zany jest do przestrzegania Regulaminu.<\/p>\n\n\n\n<p>3.3. U\u017cytkownik zobowi\u0105zany jest do przestrzegania zakazu korzystania ze \u015brodk\u00f3w komunikacji elektronicznej w spos\u00f3b niew\u0142a\u015bciwy oraz dostarczania tre\u015bci przez lub do system\u00f3w teleinformatycznych Ligit:<\/p>\n\n\n\n<p>3.3.1. powoduj\u0105cych przeci\u0105\u017cenie system\u00f3w teleinformatycznych,<\/p>\n\n\n\n<p>3.3.2. kt\u00f3re s\u0105 nielegalne, naruszaj\u0105 prawa os\u00f3b trzecich lub naruszaj\u0105 dobre obyczaje.<\/p>\n\n\n\n<p>3.4. Ligit nie ponosi odpowiedzialno\u015bci za przerwy w \u015bwiadczeniu Us\u0142ug wynikaj\u0105ce z awarii lub sytuacji wadliwego dzia\u0142ania system\u00f3w teleinformatycznych, na kt\u00f3re Ligit nie ma wp\u0142ywu.<\/p>\n\n\n\n<p>3.5. Ligit ma prawo zaprzesta\u0107 \u015bwiadczenia Us\u0142ug w dowolnym momencie, je\u017celi takie uzasadnione \u017c\u0105danie zostanie zg\u0142oszone przez dostawc\u0119 Internetu lub inny uprawniony podmiot. Ligit zastrzega sobie prawo do zaprzestania \u015bwiadczenia Us\u0142ug, je\u017celi narusza to Regulamin, przepisy prawa lub dobre obyczaje.<\/p>\n\n\n\n<h2 class=\"wp-block-heading\">4. Procedura reklamacyjna<\/h2>\n\n\n\n<p>4.1. Reklamacje dotycz\u0105ce zar\u00f3wno technicznych aspekt\u00f3w funkcjonowania Portalu, jak i innych kwestii zwi\u0105zanych z Portalem mo\u017cna kierowa\u0107 na adres e-mail: <a href=\"mailto:ligit@ligit.com\">ligit@ligit.com<\/a>.<\/p>\n\n\n\n<p>4.2. Reklamacja powinna zosta\u0107 z\u0142o\u017cona w terminie 7 dni od daty zaistnienia przyczyny reklamacji. Reklamacja powinna zawiera\u0107 zwi\u0119z\u0142y opis problemu b\u0119d\u0105cego podstaw\u0105 reklamacji, dat\u0119 i godzin\u0119 jego wyst\u0105pienia oraz dane identyfikacyjne Us\u0142ugobiorcy (w tym jego imi\u0119 i nazwisko oraz adres e-mail).<\/p>\n\n\n\n<p>4.3. Reklamacje, kt\u00f3re nie zawieraj\u0105 powy\u017cszych danych lub zosta\u0142y z\u0142o\u017cone po up\u0142ywie terminu nie b\u0119d\u0105 rozpatrywane.<\/p>\n\n\n\n<p>4.4. Us\u0142ugodawca do\u0142o\u017cy wszelkich stara\u0144, aby reklamacje zosta\u0142y rozpatrzone w terminie 30 dni od dnia ich otrzymania przez Us\u0142ugodawc\u0119. O wyniku rozpatrzenia reklamacji Us\u0142ugodawca powiadomi na adres e-mail podany w zg\u0142oszeniu reklamacyjnym.<\/p>\n\n\n\n<h2 class=\"wp-block-heading\">5. Przepisy ko\u0144cowe<\/h2>\n\n\n\n<p>5.1. Regulamin wchodzi w \u017cycie z dniem jego opublikowania.<\/p>\n\n\n\n<p>5.2. Tre\u015b\u0107 Regulaminu mo\u017ce zosta\u0107 utrwalona przez U\u017cytkownika poprzez wydrukowanie, zapisanie na no\u015bniku lub pobranie ze strony internetowej Ligit.<\/p>\n\n\n\n<p>5.3. Ligit zastrzega sobie prawo do zmiany tre\u015bci Regulaminu. Wszelkie zmiany wchodz\u0105 w \u017cycie z dniem ich opublikowania. Korzystanie z Us\u0142ug po wprowadzeniu zmian do Regulaminu b\u0119dzie r\u00f3wnoznaczne z ich akceptacj\u0105.<\/p>\n","protected":false},"excerpt":{"rendered":"","protected":false},"author":7,"featured_media":0,"parent":0,"menu_order":9,"comment_status":"closed","ping_status":"closed","template":"","meta":{"_acf_changed":false,"footnotes":""},"class_list":["post-283","page","type-page","status-publish","hentry"],"acf":[],"yoast_head":"<!-- This site is optimized with the Yoast SEO plugin v27.3 - https:\/\/yoast.com\/product\/yoast-seo-wordpress\/ -->\n<title>Polityka prywatno\u015bci i plik\u00f3w cookie - Ligit<\/title>\n<meta name=\"description\" content=\"Ligit Kieszczy\u0144ski Sp.k. jest administratorem danych osobowych klient\u00f3w, kontrahent\u00f3w, partner\u00f3w biznesowych w zakresie niezb\u0119dnym do wykonywania um\u00f3w.\" \/>\n<meta name=\"robots\" content=\"noindex, nofollow\" \/>\n<meta property=\"og:locale\" content=\"pl_PL\" \/>\n<meta property=\"og:type\" content=\"article\" \/>\n<meta property=\"og:title\" content=\"Polityka prywatno\u015bci i plik\u00f3w cookie - Ligit\" \/>\n<meta property=\"og:description\" content=\"Ligit Kieszczy\u0144ski Sp.k. jest administratorem danych osobowych klient\u00f3w, kontrahent\u00f3w, partner\u00f3w biznesowych w zakresie niezb\u0119dnym do wykonywania um\u00f3w.\" \/>\n<meta property=\"og:url\" content=\"https:\/\/ligit.com\/pl\/polityka-prywatnosci\/\" \/>\n<meta property=\"og:site_name\" content=\"Ligit\" \/>\n<meta property=\"article:modified_time\" content=\"2025-10-16T11:19:26+00:00\" \/>\n<meta name=\"twitter:card\" content=\"summary_large_image\" \/>\n<meta name=\"twitter:label1\" content=\"Est. reading time\" \/>\n\t<meta name=\"twitter:data1\" content=\"5 minutes\" \/>\n<script type=\"application\/ld+json\" class=\"yoast-schema-graph\">{\"@context\":\"https:\\\/\\\/schema.org\",\"@graph\":[{\"@type\":\"WebPage\",\"@id\":\"https:\\\/\\\/ligit.com\\\/pl\\\/polityka-prywatnosci\\\/\",\"url\":\"https:\\\/\\\/ligit.com\\\/pl\\\/polityka-prywatnosci\\\/\",\"name\":\"Polityka prywatno\u015bci i plik\u00f3w cookie - Ligit\",\"isPartOf\":{\"@id\":\"https:\\\/\\\/ligit.com\\\/#website\"},\"datePublished\":\"2021-12-10T15:02:13+00:00\",\"dateModified\":\"2025-10-16T11:19:26+00:00\",\"description\":\"Ligit Kieszczy\u0144ski Sp.k. jest administratorem danych osobowych klient\u00f3w, kontrahent\u00f3w, partner\u00f3w biznesowych w zakresie niezb\u0119dnym do wykonywania um\u00f3w.\",\"breadcrumb\":{\"@id\":\"https:\\\/\\\/ligit.com\\\/pl\\\/polityka-prywatnosci\\\/#breadcrumb\"},\"inLanguage\":\"pl-PL\",\"potentialAction\":[{\"@type\":\"ReadAction\",\"target\":[\"https:\\\/\\\/ligit.com\\\/pl\\\/polityka-prywatnosci\\\/\"]}]},{\"@type\":\"BreadcrumbList\",\"@id\":\"https:\\\/\\\/ligit.com\\\/pl\\\/polityka-prywatnosci\\\/#breadcrumb\",\"itemListElement\":[{\"@type\":\"ListItem\",\"position\":1,\"name\":\"Home\",\"item\":\"https:\\\/\\\/ligit.com\\\/pl\\\/\"},{\"@type\":\"ListItem\",\"position\":2,\"name\":\"Polityka prywatno\u015bci i plik\u00f3w cookie\"}]},{\"@type\":\"WebSite\",\"@id\":\"https:\\\/\\\/ligit.com\\\/#website\",\"url\":\"https:\\\/\\\/ligit.com\\\/\",\"name\":\"Ligit\",\"description\":\"Business Disputes | Dispute Avoidance | Key Projects\",\"potentialAction\":[{\"@type\":\"SearchAction\",\"target\":{\"@type\":\"EntryPoint\",\"urlTemplate\":\"https:\\\/\\\/ligit.com\\\/?s={search_term_string}\"},\"query-input\":{\"@type\":\"PropertyValueSpecification\",\"valueRequired\":true,\"valueName\":\"search_term_string\"}}],\"inLanguage\":\"pl-PL\"}]}<\/script>\n<!-- \/ Yoast SEO plugin. -->","yoast_head_json":{"title":"Polityka prywatno\u015bci i plik\u00f3w cookie - Ligit","description":"Ligit Kieszczy\u0144ski Sp.k. jest administratorem danych osobowych klient\u00f3w, kontrahent\u00f3w, partner\u00f3w biznesowych w zakresie niezb\u0119dnym do wykonywania um\u00f3w.","robots":{"index":"noindex","follow":"nofollow"},"og_locale":"pl_PL","og_type":"article","og_title":"Polityka prywatno\u015bci i plik\u00f3w cookie - Ligit","og_description":"Ligit Kieszczy\u0144ski Sp.k. jest administratorem danych osobowych klient\u00f3w, kontrahent\u00f3w, partner\u00f3w biznesowych w zakresie niezb\u0119dnym do wykonywania um\u00f3w.","og_url":"https:\/\/ligit.com\/pl\/polityka-prywatnosci\/","og_site_name":"Ligit","article_modified_time":"2025-10-16T11:19:26+00:00","twitter_card":"summary_large_image","twitter_misc":{"Est. reading time":"5 minutes"},"schema":{"@context":"https:\/\/schema.org","@graph":[{"@type":"WebPage","@id":"https:\/\/ligit.com\/pl\/polityka-prywatnosci\/","url":"https:\/\/ligit.com\/pl\/polityka-prywatnosci\/","name":"Polityka prywatno\u015bci i plik\u00f3w cookie - Ligit","isPartOf":{"@id":"https:\/\/ligit.com\/#website"},"datePublished":"2021-12-10T15:02:13+00:00","dateModified":"2025-10-16T11:19:26+00:00","description":"Ligit Kieszczy\u0144ski Sp.k. jest administratorem danych osobowych klient\u00f3w, kontrahent\u00f3w, partner\u00f3w biznesowych w zakresie niezb\u0119dnym do wykonywania um\u00f3w.","breadcrumb":{"@id":"https:\/\/ligit.com\/pl\/polityka-prywatnosci\/#breadcrumb"},"inLanguage":"pl-PL","potentialAction":[{"@type":"ReadAction","target":["https:\/\/ligit.com\/pl\/polityka-prywatnosci\/"]}]},{"@type":"BreadcrumbList","@id":"https:\/\/ligit.com\/pl\/polityka-prywatnosci\/#breadcrumb","itemListElement":[{"@type":"ListItem","position":1,"name":"Home","item":"https:\/\/ligit.com\/pl\/"},{"@type":"ListItem","position":2,"name":"Polityka prywatno\u015bci i plik\u00f3w cookie"}]},{"@type":"WebSite","@id":"https:\/\/ligit.com\/#website","url":"https:\/\/ligit.com\/","name":"Ligit","description":"Business Disputes | Dispute Avoidance | Key Projects","potentialAction":[{"@type":"SearchAction","target":{"@type":"EntryPoint","urlTemplate":"https:\/\/ligit.com\/?s={search_term_string}"},"query-input":{"@type":"PropertyValueSpecification","valueRequired":true,"valueName":"search_term_string"}}],"inLanguage":"pl-PL"}]}},"_links":{"self":[{"href":"https:\/\/ligit.com\/pl\/wp-json\/wp\/v2\/pages\/283","targetHints":{"allow":["GET"]}}],"collection":[{"href":"https:\/\/ligit.com\/pl\/wp-json\/wp\/v2\/pages"}],"about":[{"href":"https:\/\/ligit.com\/pl\/wp-json\/wp\/v2\/types\/page"}],"author":[{"embeddable":true,"href":"https:\/\/ligit.com\/pl\/wp-json\/wp\/v2\/users\/7"}],"replies":[{"embeddable":true,"href":"https:\/\/ligit.com\/pl\/wp-json\/wp\/v2\/comments?post=283"}],"version-history":[{"count":31,"href":"https:\/\/ligit.com\/pl\/wp-json\/wp\/v2\/pages\/283\/revisions"}],"predecessor-version":[{"id":2697,"href":"https:\/\/ligit.com\/pl\/wp-json\/wp\/v2\/pages\/283\/revisions\/2697"}],"wp:attachment":[{"href":"https:\/\/ligit.com\/pl\/wp-json\/wp\/v2\/media?parent=283"}],"curies":[{"name":"wp","href":"https:\/\/api.w.org\/{rel}","templated":true}]}}