{"id":2161,"date":"2024-03-11T13:33:44","date_gmt":"2024-03-11T12:33:44","guid":{"rendered":"https:\/\/ligit.com\/zasady-reklamy\/"},"modified":"2024-03-11T13:34:27","modified_gmt":"2024-03-11T12:34:27","slug":"zasady-reklamy","status":"publish","type":"page","link":"https:\/\/ligit.com\/pl\/zasady-reklamy\/","title":{"rendered":"Zasady reklamy"},"content":{"rendered":"\n<p>Tre\u015bci zamieszczone na stronie internetowej maj\u0105 charakter wy\u0142\u0105cznie informacyjny i nie stanowi\u0105 reklamy. Chocia\u017c dok\u0142adamy wszelkich stara\u0144 w ka\u017cdej sprawie i dla ka\u017cdego klienta, nasze wcze\u015bniejsze wyniki nie gwarantuj\u0105 takich samych rezultat\u00f3w w przysz\u0142o\u015bci.<\/p>\n","protected":false},"excerpt":{"rendered":"","protected":false},"author":7,"featured_media":0,"parent":0,"menu_order":2,"comment_status":"closed","ping_status":"closed","template":"","meta":{"_acf_changed":false,"footnotes":""},"class_list":["post-2161","page","type-page","status-publish","hentry"],"acf":[],"yoast_head":"<!-- This site is optimized with the Yoast SEO plugin v27.3 - https:\/\/yoast.com\/product\/yoast-seo-wordpress\/ -->\n<title>Zasady reklamy - Ligit<\/title>\n<meta name=\"robots\" content=\"index, follow, max-snippet:-1, max-image-preview:large, max-video-preview:-1\" \/>\n<link rel=\"canonical\" href=\"https:\/\/ligit.com\/pl\/zasady-reklamy\/\" \/>\n<meta property=\"og:locale\" content=\"pl_PL\" \/>\n<meta property=\"og:type\" content=\"article\" \/>\n<meta property=\"og:title\" content=\"Zasady reklamy - Ligit\" \/>\n<meta property=\"og:url\" content=\"https:\/\/ligit.com\/pl\/zasady-reklamy\/\" \/>\n<meta property=\"og:site_name\" content=\"Ligit\" \/>\n<meta property=\"article:modified_time\" content=\"2024-03-11T12:34:27+00:00\" \/>\n<meta name=\"twitter:card\" content=\"summary_large_image\" \/>\n<meta name=\"twitter:label1\" content=\"Est. reading time\" \/>\n\t<meta name=\"twitter:data1\" content=\"1 minute\" \/>\n<script type=\"application\/ld+json\" class=\"yoast-schema-graph\">{\"@context\":\"https:\\\/\\\/schema.org\",\"@graph\":[{\"@type\":\"WebPage\",\"@id\":\"https:\\\/\\\/ligit.com\\\/pl\\\/zasady-reklamy\\\/\",\"url\":\"https:\\\/\\\/ligit.com\\\/pl\\\/zasady-reklamy\\\/\",\"name\":\"Zasady reklamy - Ligit\",\"isPartOf\":{\"@id\":\"https:\\\/\\\/ligit.com\\\/#website\"},\"datePublished\":\"2024-03-11T12:33:44+00:00\",\"dateModified\":\"2024-03-11T12:34:27+00:00\",\"breadcrumb\":{\"@id\":\"https:\\\/\\\/ligit.com\\\/pl\\\/zasady-reklamy\\\/#breadcrumb\"},\"inLanguage\":\"pl-PL\",\"potentialAction\":[{\"@type\":\"ReadAction\",\"target\":[\"https:\\\/\\\/ligit.com\\\/pl\\\/zasady-reklamy\\\/\"]}]},{\"@type\":\"BreadcrumbList\",\"@id\":\"https:\\\/\\\/ligit.com\\\/pl\\\/zasady-reklamy\\\/#breadcrumb\",\"itemListElement\":[{\"@type\":\"ListItem\",\"position\":1,\"name\":\"Home\",\"item\":\"https:\\\/\\\/ligit.com\\\/pl\\\/\"},{\"@type\":\"ListItem\",\"position\":2,\"name\":\"Zasady reklamy\"}]},{\"@type\":\"WebSite\",\"@id\":\"https:\\\/\\\/ligit.com\\\/#website\",\"url\":\"https:\\\/\\\/ligit.com\\\/\",\"name\":\"Ligit\",\"description\":\"Business Disputes | Dispute Avoidance | Key Projects\",\"potentialAction\":[{\"@type\":\"SearchAction\",\"target\":{\"@type\":\"EntryPoint\",\"urlTemplate\":\"https:\\\/\\\/ligit.com\\\/?s={search_term_string}\"},\"query-input\":{\"@type\":\"PropertyValueSpecification\",\"valueRequired\":true,\"valueName\":\"search_term_string\"}}],\"inLanguage\":\"pl-PL\"}]}<\/script>\n<!-- \/ Yoast SEO plugin. -->","yoast_head_json":{"title":"Zasady reklamy - Ligit","robots":{"index":"index","follow":"follow","max-snippet":"max-snippet:-1","max-image-preview":"max-image-preview:large","max-video-preview":"max-video-preview:-1"},"canonical":"https:\/\/ligit.com\/pl\/zasady-reklamy\/","og_locale":"pl_PL","og_type":"article","og_title":"Zasady reklamy - Ligit","og_url":"https:\/\/ligit.com\/pl\/zasady-reklamy\/","og_site_name":"Ligit","article_modified_time":"2024-03-11T12:34:27+00:00","twitter_card":"summary_large_image","twitter_misc":{"Est. reading time":"1 minute"},"schema":{"@context":"https:\/\/schema.org","@graph":[{"@type":"WebPage","@id":"https:\/\/ligit.com\/pl\/zasady-reklamy\/","url":"https:\/\/ligit.com\/pl\/zasady-reklamy\/","name":"Zasady reklamy - Ligit","isPartOf":{"@id":"https:\/\/ligit.com\/#website"},"datePublished":"2024-03-11T12:33:44+00:00","dateModified":"2024-03-11T12:34:27+00:00","breadcrumb":{"@id":"https:\/\/ligit.com\/pl\/zasady-reklamy\/#breadcrumb"},"inLanguage":"pl-PL","potentialAction":[{"@type":"ReadAction","target":["https:\/\/ligit.com\/pl\/zasady-reklamy\/"]}]},{"@type":"BreadcrumbList","@id":"https:\/\/ligit.com\/pl\/zasady-reklamy\/#breadcrumb","itemListElement":[{"@type":"ListItem","position":1,"name":"Home","item":"https:\/\/ligit.com\/pl\/"},{"@type":"ListItem","position":2,"name":"Zasady reklamy"}]},{"@type":"WebSite","@id":"https:\/\/ligit.com\/#website","url":"https:\/\/ligit.com\/","name":"Ligit","description":"Business Disputes | Dispute Avoidance | Key Projects","potentialAction":[{"@type":"SearchAction","target":{"@type":"EntryPoint","urlTemplate":"https:\/\/ligit.com\/?s={search_term_string}"},"query-input":{"@type":"PropertyValueSpecification","valueRequired":true,"valueName":"search_term_string"}}],"inLanguage":"pl-PL"}]}},"_links":{"self":[{"href":"https:\/\/ligit.com\/pl\/wp-json\/wp\/v2\/pages\/2161","targetHints":{"allow":["GET"]}}],"collection":[{"href":"https:\/\/ligit.com\/pl\/wp-json\/wp\/v2\/pages"}],"about":[{"href":"https:\/\/ligit.com\/pl\/wp-json\/wp\/v2\/types\/page"}],"author":[{"embeddable":true,"href":"https:\/\/ligit.com\/pl\/wp-json\/wp\/v2\/users\/7"}],"replies":[{"embeddable":true,"href":"https:\/\/ligit.com\/pl\/wp-json\/wp\/v2\/comments?post=2161"}],"version-history":[{"count":1,"href":"https:\/\/ligit.com\/pl\/wp-json\/wp\/v2\/pages\/2161\/revisions"}],"predecessor-version":[{"id":2163,"href":"https:\/\/ligit.com\/pl\/wp-json\/wp\/v2\/pages\/2161\/revisions\/2163"}],"wp:attachment":[{"href":"https:\/\/ligit.com\/pl\/wp-json\/wp\/v2\/media?parent=2161"}],"curies":[{"name":"wp","href":"https:\/\/api.w.org\/{rel}","templated":true}]}}